{"id":68,"date":"2018-10-19T19:49:26","date_gmt":"2018-10-19T19:49:26","guid":{"rendered":"http:\/\/www.minarko.com\/?page_id=68"},"modified":"2021-01-24T21:39:55","modified_gmt":"2021-01-24T21:39:55","slug":"laadukasta-siivousta","status":"publish","type":"page","link":"https:\/\/www.minarko.com\/","title":{"rendered":"Laadukasta siivousta"},"content":{"rendered":"<h2><span style=\"color: #000000;\"><strong>Korkeatasoinen yll\u00e4pito, korkeatasoinen kiinteist\u00f6!<\/strong><\/span><\/h2>\n<h3>Me tyk\u00e4t\u00e4\u00e4n siivota ja se n\u00e4kyy my\u00f6s laadussa. Siivoamme p\u00e4\u00e4s\u00e4\u00e4nt\u00f6isesti porrask\u00e4yt\u00e4vi\u00e4 ja toimistoja mutta my\u00f6s muita kohteita. Olemme pieni yritt\u00e4j\u00e4perhe, jolta l\u00f6ytyy kokemusta siivouksesta yli 30 vuotta.<\/h3>\n<h3>Meill\u00e4 on t\u00f6iss\u00e4 energisi\u00e4 nuoria sek\u00e4 kokeneita konkareita.<\/h3>\n<h3>Yhteisvoimin olemme ly\u00f6m\u00e4t\u00f6n yhdistelm\u00e4!<\/h3>\n<h3>Kiinnostuitko? Ota rohkeasti <a href=\"http:\/\/www.minarko.com\/?page_id=34\">yhteytt\u00e4!<\/a><\/h3>\n<h3><\/h3>\n","protected":false},"excerpt":{"rendered":"<p>Korkeatasoinen yll\u00e4pito, korkeatasoinen kiinteist\u00f6! Me tyk\u00e4t\u00e4\u00e4n siivota ja se n\u00e4kyy my\u00f6s laadussa. Siivoamme p\u00e4\u00e4s\u00e4\u00e4nt\u00f6isesti porrask\u00e4yt\u00e4vi\u00e4 ja toimistoja mutta my\u00f6s muita<\/p>\n<p><a href=\"https:\/\/www.minarko.com\/\" class=\"more-link\">Continue reading<span class=\"screen-reader-text\">Laadukasta siivousta<\/span><\/a><\/p>\n","protected":false},"author":1,"featured_media":0,"parent":0,"menu_order":1,"comment_status":"closed","ping_status":"closed","template":"","meta":[],"_links":{"self":[{"href":"https:\/\/www.minarko.com\/index.php?rest_route=\/wp\/v2\/pages\/68"}],"collection":[{"href":"https:\/\/www.minarko.com\/index.php?rest_route=\/wp\/v2\/pages"}],"about":[{"href":"https:\/\/www.minarko.com\/index.php?rest_route=\/wp\/v2\/types\/page"}],"author":[{"embeddable":true,"href":"https:\/\/www.minarko.com\/index.php?rest_route=\/wp\/v2\/users\/1"}],"replies":[{"embeddable":true,"href":"https:\/\/www.minarko.com\/index.php?rest_route=%2Fwp%2Fv2%2Fcomments&post=68"}],"version-history":[{"count":23,"href":"https:\/\/www.minarko.com\/index.php?rest_route=\/wp\/v2\/pages\/68\/revisions"}],"predecessor-version":[{"id":417,"href":"https:\/\/www.minarko.com\/index.php?rest_route=\/wp\/v2\/pages\/68\/revisions\/417"}],"wp:attachment":[{"href":"https:\/\/www.minarko.com\/index.php?rest_route=%2Fwp%2Fv2%2Fmedia&parent=68"}],"curies":[{"name":"wp","href":"https:\/\/api.w.org\/{rel}","templated":true}]}}